{"id":2310,"date":"2025-08-07T16:28:55","date_gmt":"2025-08-07T14:28:55","guid":{"rendered":"http:\/\/united-heat.com\/imprint\/"},"modified":"2025-09-01T12:10:25","modified_gmt":"2025-09-01T10:10:25","slug":"impressum","status":"publish","type":"page","link":"https:\/\/united-heat.com\/de\/impressum\/","title":{"rendered":"Impressum"},"content":{"rendered":"\n<div style=\"height:100px\" aria-hidden=\"true\" class=\"wp-block-spacer is-style-m-spacerx2\"><\/div>\n\n\n\n<div class=\"wp-block-columns is-layout-flex wp-container-core-columns-is-layout-9d6595d7 wp-block-columns-is-layout-flex\">\n<div class=\"wp-block-column is-layout-flow wp-block-column-is-layout-flow\">\n<h2 class=\"wp-block-heading\">Impressum<\/h2>\n<\/div>\n<\/div>\n\n\n\n<div class=\"wp-block-columns is-layout-flex wp-container-core-columns-is-layout-9d6595d7 wp-block-columns-is-layout-flex\">\n<div class=\"wp-block-column is-layout-flow wp-block-column-is-layout-flow\">\n<p>Stadtwerke G\u00f6rlitz AG<\/p>\n\n\n\n<p><strong>Anschrift:<\/strong><br>Demianiplatz 23<br>02826 G\u00f6rlitz<br><strong>Tel.: <\/strong><a href=\"tel:+49358133535\">+49 3581 33535<\/a><br><strong>Fax: <\/strong>+49 3581 335405<br><strong>Email: <\/strong><a href=\"mailto:info@stadtwerke-goerlitz.de\">info@stadtwerke-goerlitz.de<\/a><br><strong>Internet:<\/strong> <a href=\"https:\/\/www.stadtwerke-goerlitz.de\/\" target=\"_blank\" rel=\"noreferrer noopener\">www.stadtwerke-goerlitz.de<\/a><\/p>\n\n\n\n<p><strong>Vorstand:<\/strong><br>Matthias Block<br>Peter Starre<\/p>\n\n\n\n<p><strong>Aufsichtsratsvorsitzender:<\/strong> <br>Jens-Uwe Freitag<\/p>\n\n\n\n<p><strong>Sitz der Gesellschaft:<\/strong> <br>G\u00f6rlitz<\/p>\n<\/div>\n\n\n\n<div class=\"wp-block-column is-layout-flow wp-block-column-is-layout-flow\">\n<p><strong>Zust\u00e4ndige Aufsichtsbeh\u00f6rde:<\/strong><br>Saxon State Ministry for Economic Affairs, Labour and Transport<br>Wilhelm-Buck-Stra\u00dfe 2<br>01097 Dresden<br><a href=\"https:\/\/www.smwa.sachsen.de\/\" target=\"_blank\" rel=\"noreferrer noopener\">www.smwa.sachsen.de<\/a><\/p>\n\n\n\n<p><strong>Registergericht:<\/strong><br>Dresden<br>No. HRB 2246<\/p>\n\n\n\n<p><strong>Umsatzsteueridentifikationsnummer:<\/strong><br>DE 140 509 609<\/p>\n\n\n\n<p><strong>Steuernummer:<\/strong> <br>207\/100\/02224<\/p>\n\n\n\n<p><strong>Inhaltlich Verantwortlicher gem\u00e4\u00df \u00a7 18 Abs. 2 MDStV:<\/strong><br>Sacha Caron<br>Sales Manager\/Authorised Signatory<\/p>\n\n\n\n<p><strong>Design and Development: <\/strong><br><a href=\"https:\/\/motif-studio.pl\/\" target=\"_blank\" rel=\"noreferrer noopener\">Motif Studio<\/a><\/p>\n\n\n\n<p><strong>Bildrechte: <\/strong><br>AdobeStock@Alice<br>Shutterstock@ESB Professional<br>Shutterstock@SFIO CRACHO<br>Shutterstock@SolidMaks<br>Kristian Scheffler<\/p>\n<\/div>\n<\/div>\n\n\n\n<div style=\"height:100px\" aria-hidden=\"true\" class=\"wp-block-spacer is-style-m-spacerfull\"><\/div>\n","protected":false},"excerpt":{"rendered":"<p>Impressum Stadtwerke G\u00f6rlitz AG Anschrift:Demianiplatz 2302826 G\u00f6rlitzTel.: +49 3581 33535Fax: +49 3581 335405Email: info@stadtwerke-goerlitz.deInternet: www.stadtwerke-goerlitz.de Vorstand:Matthias BlockPeter Starre Aufsichtsratsvorsitzender: Jens-Uwe Freitag Sitz der Gesellschaft: G\u00f6rlitz Zust\u00e4ndige Aufsichtsbeh\u00f6rde:Saxon State Ministry for [&hellip;]<\/p>\n","protected":false},"author":1,"featured_media":0,"parent":0,"menu_order":0,"comment_status":"closed","ping_status":"closed","template":"","meta":{"_acf_changed":false,"inline_featured_image":false,"footnotes":""},"class_list":["post-2310","page","type-page","status-publish","hentry"],"acf":[],"yoast_head":"<!-- This site is optimized with the Yoast SEO plugin v27.4 - https:\/\/yoast.com\/product\/yoast-seo-wordpress\/ -->\n<title>Impressum - UNITED HEAT<\/title>\n<meta name=\"robots\" content=\"index, follow, max-snippet:-1, max-image-preview:large, max-video-preview:-1\" \/>\n<link rel=\"canonical\" href=\"https:\/\/united-heat.com\/de\/impressum\/\" \/>\n<meta property=\"og:locale\" content=\"de_DE\" \/>\n<meta property=\"og:type\" content=\"article\" \/>\n<meta property=\"og:title\" content=\"Impressum - UNITED HEAT\" \/>\n<meta property=\"og:description\" content=\"Impressum Stadtwerke G\u00f6rlitz AG Anschrift:Demianiplatz 2302826 G\u00f6rlitzTel.: +49 3581 33535Fax: +49 3581 335405Email: info@stadtwerke-goerlitz.deInternet: www.stadtwerke-goerlitz.de Vorstand:Matthias BlockPeter Starre Aufsichtsratsvorsitzender: Jens-Uwe Freitag Sitz der Gesellschaft: G\u00f6rlitz Zust\u00e4ndige Aufsichtsbeh\u00f6rde:Saxon State Ministry for [&hellip;]\" \/>\n<meta property=\"og:url\" content=\"https:\/\/united-heat.com\/de\/impressum\/\" \/>\n<meta property=\"og:site_name\" content=\"UNITED HEAT\" \/>\n<meta property=\"article:modified_time\" content=\"2025-09-01T10:10:25+00:00\" \/>\n<meta name=\"twitter:card\" content=\"summary_large_image\" \/>\n<meta name=\"twitter:label1\" content=\"Gesch\u00e4tzte Lesezeit\" \/>\n\t<meta name=\"twitter:data1\" content=\"1\u00a0Minute\" \/>\n<script type=\"application\/ld+json\" class=\"yoast-schema-graph\">{\"@context\":\"https:\\\/\\\/schema.org\",\"@graph\":[{\"@type\":\"WebPage\",\"@id\":\"https:\\\/\\\/united-heat.com\\\/de\\\/impressum\\\/\",\"url\":\"https:\\\/\\\/united-heat.com\\\/de\\\/impressum\\\/\",\"name\":\"Impressum - UNITED HEAT\",\"isPartOf\":{\"@id\":\"https:\\\/\\\/united-heat.com\\\/de\\\/#website\"},\"datePublished\":\"2025-08-07T14:28:55+00:00\",\"dateModified\":\"2025-09-01T10:10:25+00:00\",\"breadcrumb\":{\"@id\":\"https:\\\/\\\/united-heat.com\\\/de\\\/impressum\\\/#breadcrumb\"},\"inLanguage\":\"de\",\"potentialAction\":[{\"@type\":\"ReadAction\",\"target\":[\"https:\\\/\\\/united-heat.com\\\/de\\\/impressum\\\/\"]}]},{\"@type\":\"BreadcrumbList\",\"@id\":\"https:\\\/\\\/united-heat.com\\\/de\\\/impressum\\\/#breadcrumb\",\"itemListElement\":[{\"@type\":\"ListItem\",\"position\":1,\"name\":\"Strona g\u0142\u00f3wna\",\"item\":\"https:\\\/\\\/united-heat.com\\\/de\\\/\"},{\"@type\":\"ListItem\",\"position\":2,\"name\":\"Impressum\"}]},{\"@type\":\"WebSite\",\"@id\":\"https:\\\/\\\/united-heat.com\\\/de\\\/#website\",\"url\":\"https:\\\/\\\/united-heat.com\\\/de\\\/\",\"name\":\"UNITED HEAT\",\"description\":\"heat without borders\",\"potentialAction\":[{\"@type\":\"SearchAction\",\"target\":{\"@type\":\"EntryPoint\",\"urlTemplate\":\"https:\\\/\\\/united-heat.com\\\/de\\\/?s={search_term_string}\"},\"query-input\":{\"@type\":\"PropertyValueSpecification\",\"valueRequired\":true,\"valueName\":\"search_term_string\"}}],\"inLanguage\":\"de\"}]}<\/script>\n<!-- \/ Yoast SEO plugin. -->","yoast_head_json":{"title":"Impressum - UNITED HEAT","robots":{"index":"index","follow":"follow","max-snippet":"max-snippet:-1","max-image-preview":"max-image-preview:large","max-video-preview":"max-video-preview:-1"},"canonical":"https:\/\/united-heat.com\/de\/impressum\/","og_locale":"de_DE","og_type":"article","og_title":"Impressum - UNITED HEAT","og_description":"Impressum Stadtwerke G\u00f6rlitz AG Anschrift:Demianiplatz 2302826 G\u00f6rlitzTel.: +49 3581 33535Fax: +49 3581 335405Email: info@stadtwerke-goerlitz.deInternet: www.stadtwerke-goerlitz.de Vorstand:Matthias BlockPeter Starre Aufsichtsratsvorsitzender: Jens-Uwe Freitag Sitz der Gesellschaft: G\u00f6rlitz Zust\u00e4ndige Aufsichtsbeh\u00f6rde:Saxon State Ministry for [&hellip;]","og_url":"https:\/\/united-heat.com\/de\/impressum\/","og_site_name":"UNITED HEAT","article_modified_time":"2025-09-01T10:10:25+00:00","twitter_card":"summary_large_image","twitter_misc":{"Gesch\u00e4tzte Lesezeit":"1\u00a0Minute"},"schema":{"@context":"https:\/\/schema.org","@graph":[{"@type":"WebPage","@id":"https:\/\/united-heat.com\/de\/impressum\/","url":"https:\/\/united-heat.com\/de\/impressum\/","name":"Impressum - UNITED HEAT","isPartOf":{"@id":"https:\/\/united-heat.com\/de\/#website"},"datePublished":"2025-08-07T14:28:55+00:00","dateModified":"2025-09-01T10:10:25+00:00","breadcrumb":{"@id":"https:\/\/united-heat.com\/de\/impressum\/#breadcrumb"},"inLanguage":"de","potentialAction":[{"@type":"ReadAction","target":["https:\/\/united-heat.com\/de\/impressum\/"]}]},{"@type":"BreadcrumbList","@id":"https:\/\/united-heat.com\/de\/impressum\/#breadcrumb","itemListElement":[{"@type":"ListItem","position":1,"name":"Strona g\u0142\u00f3wna","item":"https:\/\/united-heat.com\/de\/"},{"@type":"ListItem","position":2,"name":"Impressum"}]},{"@type":"WebSite","@id":"https:\/\/united-heat.com\/de\/#website","url":"https:\/\/united-heat.com\/de\/","name":"UNITED HEAT","description":"heat without borders","potentialAction":[{"@type":"SearchAction","target":{"@type":"EntryPoint","urlTemplate":"https:\/\/united-heat.com\/de\/?s={search_term_string}"},"query-input":{"@type":"PropertyValueSpecification","valueRequired":true,"valueName":"search_term_string"}}],"inLanguage":"de"}]}},"_links":{"self":[{"href":"https:\/\/united-heat.com\/de\/wp-json\/wp\/v2\/pages\/2310","targetHints":{"allow":["GET"]}}],"collection":[{"href":"https:\/\/united-heat.com\/de\/wp-json\/wp\/v2\/pages"}],"about":[{"href":"https:\/\/united-heat.com\/de\/wp-json\/wp\/v2\/types\/page"}],"author":[{"embeddable":true,"href":"https:\/\/united-heat.com\/de\/wp-json\/wp\/v2\/users\/1"}],"replies":[{"embeddable":true,"href":"https:\/\/united-heat.com\/de\/wp-json\/wp\/v2\/comments?post=2310"}],"version-history":[{"count":2,"href":"https:\/\/united-heat.com\/de\/wp-json\/wp\/v2\/pages\/2310\/revisions"}],"predecessor-version":[{"id":2317,"href":"https:\/\/united-heat.com\/de\/wp-json\/wp\/v2\/pages\/2310\/revisions\/2317"}],"wp:attachment":[{"href":"https:\/\/united-heat.com\/de\/wp-json\/wp\/v2\/media?parent=2310"}],"curies":[{"name":"wp","href":"https:\/\/api.w.org\/{rel}","templated":true}]}}