{"id":3,"date":"2023-08-25T15:37:03","date_gmt":"2023-08-25T15:37:03","guid":{"rendered":"http:\/\/united-heat.com\/?page_id=3"},"modified":"2025-09-18T15:05:43","modified_gmt":"2025-09-18T13:05:43","slug":"privacy-policy","status":"publish","type":"page","link":"https:\/\/united-heat.com\/pl\/privacy-policy\/","title":{"rendered":"Polityka prywatno\u015bci"},"content":{"rendered":"\n<div style=\"height:100px\" aria-hidden=\"true\" class=\"wp-block-spacer is-style-m-spacerx2\"><\/div>\n\n\n\n<div class=\"wp-block-columns is-layout-flex wp-container-core-columns-is-layout-9d6595d7 wp-block-columns-is-layout-flex\">\n<div class=\"wp-block-column is-layout-flow wp-block-column-is-layout-flow\">\n<h3 class=\"wp-block-heading\">Klauzula informacyjna dotycz\u0105ca danych osobowych<\/h3>\n\n\n\n<p><strong>\u00a7 1. Administrator danych osobowych<\/strong><\/p>\n\n\n\n<p>Administratorem danych osobowych Odbiorc\u00f3w (Kupuj\u0105cych) jest Szczeci\u0144ska Energetyka Cieplna Sp.\u00a0z o.o. (zwana dalej \u201eSEC\u201d), ul.\u00a0Zbo\u017cowa 4, 70-653 Szczecin, KRS 131910, NIP 851-010-94-44, www.sec.com.pl, bok@sec.com.pl, tel. +48 91 450 99 99 Z\u00a0Inspektorem ochrony danych osobowych (Sebastianem Zag\u00f3rskim) Szczeci\u0144skiej Energetyki Cieplnej Sp.\u00a0z o.o. mo\u017cna\u00a0si\u0119 kontaktowa\u0107 pisz\u0105c na\u00a0adres pocztowy, lub adres elektroniczny: iod@sec.com.pl, z\u00a0dopiskiem: \u201cInspektor danych osobowych\u201d.<\/p>\n\n\n\n<p><strong>\u00a7 2. Cele i\u00a0podstawy przetwarzania<\/strong><\/p>\n\n\n\n<p>Dane osobowe Odbiorc\u00f3w przetwarzane b\u0119d\u0105 na\u00a0podstawie przepis\u00f3w prawa \u2013 w\u00a0szczeg\u00f3lno\u015bci art. 6 ust. 1 lit. a-f RODO, zawartych um\u00f3w oraz na\u00a0podstawie udzielonej zgody w\u00a0celach:<\/p>\n\n\n\n<ul class=\"wp-block-list\">\n<li>zawarcia i\u00a0realizacji umowy na\u00a0korzystanie z\u00a0naszych us\u0142ug na\u00a0podstawie zainteresowania Odbiorc\u00f3w naszymi us\u0142ugami,<\/li>\n\n\n\n<li>marketingu i\u00a0promocji us\u0142ug oferowanych przez SEC,<\/li>\n\n\n\n<li>badania satysfakcji klient\u00f3w i\u00a0okre\u015blania jako\u015bci naszej obs\u0142ugi, co jest naszym prawnie uzasadnionym interesem,<\/li>\n\n\n\n<li>dochodzenia nale\u017cno\u015bci, co jest naszym prawnie uzasadnionym interesem,<\/li>\n\n\n\n<li>ewentualnych spor\u00f3w s\u0105dowych, w\u00a0tym ustalenia, dochodzenia lub obrony przed roszczeniami, co jest naszym prawnie uzasadnionym interesem,<\/li>\n\n\n\n<li>archiwalnych (dowodowych) dla\u00a0zabezpieczenia informacji na\u00a0wypadek prawnej potrzeby wykazania fakt\u00f3w, co jest naszym prawnie uzasadnionym interesem,<\/li>\n\n\n\n<li>wywi\u0105zania\u00a0si\u0119 z\u00a0obowi\u0105zk\u00f3w prawnych, np. obowi\u0105zku wystawienia faktury lub innego dokumentu wymaganego przepisami prawa,<\/li>\n\n\n\n<li>spe\u0142nienie ci\u0105\u017c\u0105cych na\u00a0nas obowi\u0105zk\u00f3w prawnych wynikaj\u0105cych z\u00a0prawa Unii lub prawa polskiego (np. wobec Prezesa Urz\u0119du Regulacji Energetyki lub urz\u0119d\u00f3w skarbowych) \u2013 poniewa\u017c przetwarzanie w\u00a0tym przypadku jest niezb\u0119dne do\u00a0wype\u0142nienia wymog\u00f3w prawnych, kt\u00f3rym podlegamy.<\/li>\n<\/ul>\n\n\n\n<p>W pozosta\u0142ych przypadkach dane osobowe Odbiorc\u00f3w przetwarzane s\u0105\u00a0wy\u0142\u0105cznie na\u00a0podstawie wcze\u015bniej udzielonej zgody w\u00a0zakresie i\u00a0celu okre\u015blonym w\u00a0tre\u015bci zgody.<\/p>\n\n\n\n<p><strong>\u00a7 3. Kategorie danych, kt\u00f3re przetwarzamy<\/strong><\/p>\n\n\n\n<p>Aby realizowa\u0107 dla\u00a0Pa\u0144stwa us\u0142ugi, przetwarzamy poni\u017csze dane:<br>dane niezb\u0119dne do\u00a0zawarcia, realizacji, a\u00a0tak\u017ce rozwi\u0105zania um\u00f3w zawartych z\u00a0SEC \u2013 m.in. nazwa, numer KRS, numer REGON, numer NIP, adres siedziby, dane dotycz\u0105ce reprezentacji, dane kontaktowe, dane dotycz\u0105ce nieruchomo\u015bci, kt\u00f3rych dotyczy umowa,<br>nagrania wizerunku \u2013 dane nagrywane w\u00a0siedzibie SEC zwi\u0105zane z\u00a0zabezpieczeniem mienia,<br>dane audio \u2013 dane zwi\u0105zane z\u00a0nagrywaniem rozm\u00f3w pracownik\u00f3w SEC z\u00a0klientami dzwoni\u0105cymi do\u00a0SEC.<br>Szczeg\u00f3\u0142owe i\u00a0pe\u0142ne informacje na\u00a0temat przetwarzania danych osobowych przekazywane s\u0105\u00a0Klientom podczas zawierania umowy lub udzielania odpowiedzi na\u00a0zapytanie skierowane do\u00a0Inspektorem danych osobowych.<\/p>\n\n\n\n<p><strong>\u00a7 4. Odbiorcy danych<\/strong><\/p>\n\n\n\n<p>Dane osobowe mog\u0105 by\u0107 przekazywane do\u00a0podmiot\u00f3w, kt\u00f3rym przekazanie danych jest niezb\u0119dne do\u00a0realizacji umowy \u2013 s\u0105\u00a0to m.in. podmioty z\u00a0naszej grupy kapita\u0142owej, podmiotom \u015bwiadcz\u0105cym na\u00a0rzecz sprzedawcy us\u0142ugi informatyczne, us\u0142ugi w\u00a0zakresie dochodzenia nale\u017cno\u015bci z\u00a0umowy oraz w\u00a0zakresie wystawiania i\u00a0dostarczania faktur. Odbiorc\u0105 danych osobowych Odbiorc\u00f3w b\u0119d\u0105 r\u00f3wnie\u017c organy pa\u0144stwowe w\u00a0zakresie wykonywanych zada\u0144.<\/p>\n\n\n\n<p><strong>\u00a7 5. Przekazywanie danych do\u00a0pa\u0144stw trzecich lub organizacji mi\u0119dzynarodowych<\/strong><\/p>\n\n\n\n<p>Dane osobowe Odbiorc\u00f3w nie\u00a0b\u0119d\u0105 przekazywane do\u00a0pa\u0144stwa trzeciego lub organizacji mi\u0119dzynarodowej.<\/p>\n\n\n\n<p><strong>\u00a7 6. Okres przechowywania danych<\/strong><\/p>\n\n\n\n<p>(okres, przez kt\u00f3ry dane osobowe b\u0119d\u0105 przechowywane, a\u00a0gdy nie\u00a0jest to\u00a0mo\u017cliwe, kryteria ustalania tego okresu)<\/p>\n\n\n\n<p>Dane osobowe Odbiorc\u00f3w b\u0119d\u0105 przetwarzane przez okres niezb\u0119dny do\u00a0realizacji wskazanych w\u00a0pkt 2 cel\u00f3w przetwarzania, tj.:<\/p>\n\n\n\n<ul class=\"wp-block-list\">\n<li>w zakresie realizacji zawartej przez Odbiorc\u00f3w umowy, przez okres do\u00a0czasu zako\u0144czenia jej obowi\u0105zywania, a\u00a0po tym czasie przez okres w\u00a0zakresie wymaganym przez przepisy prawa lub dla\u00a0zabezpieczenia ewentualnych roszcze\u0144, a\u00a0w\u00a0przypadku wyra\u017cenia przez Odbiorc\u00f3w zgody na\u00a0przetwarzanie danych po wyga\u015bni\u0119ciu umowy do\u00a0cel\u00f3w archiwalnych, do\u00a0czasu wycofania tej zgody,<\/li>\n\n\n\n<li>w zakresie marketingu i\u00a0promocji oferowanych us\u0142ug, przez okres do\u00a0czasu wycofania przez Odbiorc\u00f3w zgody na\u00a0takie przetwarzanie,<\/li>\n\n\n\n<li>w zakresie badania satysfakcji klient\u00f3w i\u00a0okre\u015blania, jako\u015bci naszej obs\u0142ugi, przez okres obowi\u0105zywania umowy,<\/li>\n\n\n\n<li>w zakresie dochodzenia nale\u017cno\u015bci \u2013 przez okres 5 lat od zako\u0144czenia umowy,<\/li>\n\n\n\n<li>w zakresie spor\u00f3w s\u0105dowych przez okres 10 lat od dnia wydania prawomocnego orzeczenia ko\u0144cz\u0105cego post\u0119powanie.<\/li>\n<\/ul>\n\n\n\n<p><strong>\u00a7 7. Prawa dotycz\u0105ce danych osobowych<\/strong><\/p>\n\n\n\n<p>Odbiorcy posiadaj\u0105 prawo dost\u0119pu do\u00a0tre\u015bci swoich danych oraz prawo ich sprostowania, usuni\u0119cia, ograniczenia przetwarzania, prawo do\u00a0przenoszenia danych, prawo wniesienia sprzeciwu wobec przetwarzania danych osobowych Odbiorc\u00f3w, prawo do\u00a0cofni\u0119cia zgody w\u00a0dowolnym momencie bez wp\u0142ywu na\u00a0zgodno\u015b\u0107 z\u00a0prawem przetwarzania (je\u017celi przetwarzanie odbywa\u00a0si\u0119 na\u00a0podstawie zgody), kt\u00f3rego dokonano na\u00a0podstawie zgody przed jej cofni\u0119ciem. Odbiorcom przys\u0142uguje prawo wniesienia skargi do\u00a0organu nadzorczego w\u0142a\u015bciwego w\u00a0sprawach ochrony danych osobowych, gdy Odbiorcy uznaj\u0105, \u017ce\u00a0przetwarzanie danych osobowych Odbiorc\u00f3w narusza przepisy RODO. Administrator danych zastrzega sobie prawo do\u00a0odmowy usuni\u0119cia danych u\u017cytkownika, je\u017celi ich zachowanie jest niezb\u0119dne w\u00a0celu realizacji roszcze\u0144 lub je\u017celi wymagaj\u0105 tego obowi\u0105zuj\u0105ce przepisy prawa.<\/p>\n\n\n\n<p><strong>\u00a7 8. Informacja o\u00a0wymogu\/dobrowolno\u015bci podania danych<\/strong><\/p>\n\n\n\n<p>Podanie przez Odbiorc\u00f3w danych ma charakter dobrowolny, jednak konsekwencj\u0105 nieprzekazania wymaganych danych niezb\u0119dnych do\u00a0realizacji umowy \u2013 uniemo\u017cliwi jej zawarcie oraz realizacj\u0119.<\/p>\n\n\n\n<p><strong>\u00a7 9. Przetwarzanie zautomatyzowane i\u00a0profilowanie<\/strong><\/p>\n\n\n\n<p>Dane osobowe Odbiorc\u00f3w nie\u00a0b\u0119d\u0105 przetwarzane w\u00a0spos\u00f3b zautomatyzowany, w\u00a0tym r\u00f3wnie\u017c w\u00a0formie profilowania.<\/p>\n\n\n\n<p><strong>\u00a7 10.\u00a0Google reCAPTCHA<\/strong><\/p>\n\n\n\n<p>Na naszych stronach korzystamy z\u00a0us\u0142ugi \u201eGoogle reCAPTCHA\u201c (dalej \u201ereCAPTCHA\u201c), dostarczanej przez Google Ireland Limited, Gordon House, Barrow Street, Dublin 4, Irlandia (\u201cGoogle\u201d).<\/p>\n\n\n\n<p>Funkcja reCAPTCHA umo\u017cliwia sprawdzenie, czy dane na\u00a0naszych stronach (np. w\u00a0formularzu kontaktowym) zosta\u0142y wprowadzone przez cz\u0142owieka, czy przez automat. W\u00a0tym celu reCAPTCHA w\u00a0oparciu o\u00a0r\u00f3\u017cne cechy analizuje zachowanie u\u017cytkownika strony. Analiza ta rozpoczyna\u00a0si\u0119 automatycznie po wej\u015bciu na\u00a0stron\u0119. W\u00a0ramach analizy reCAPTCHA uwzgl\u0119dnia r\u00f3\u017cne informacje (np. adres IP, ilo\u015b\u0107 czasu sp\u0119dzonego przez u\u017cytkownika na\u00a0stronie lub wykonywane przez niego ruchy mysz\u0105). Dane zgromadzone w\u00a0ramach analizy przesy\u0142ane s\u0105\u00a0do Google.<\/p>\n\n\n\n<p>Analiza reCAPTCHA przebiega ca\u0142kowicie w\u00a0tle. U\u017cytkownik strony nie\u00a0jest informowany o\u00a0tym, \u017ce\u00a0odbywa\u00a0si\u0119 taka analiza.<\/p>\n\n\n\n<p>Przetwarzanie danych odbywa\u00a0si\u0119 na\u00a0podstawie art. 6 ust. 1 lit. f og\u00f3lnego rozporz\u0105dzenia o\u00a0ochronie danych. Operator strony internetowej ma uzasadniony interes w\u00a0ochronie swojej oferty internetowej przed nadu\u017cyciami wynikaj\u0105cymi ze\u00a0zautomatyzowanego przechwytywania danych oraz przed spamem.<\/p>\n\n\n\n<p>Wi\u0119cej informacji na\u00a0temat Google reCAPTCHA oraz deklaracj\u0119 dotycz\u0105c\u0105 ochrony danych osobowych firmy Google znajd\u0105 Pa\u0144stwo pod adresem:\u00a0<a href=\"https:\/\/eur01.safelinks.protection.outlook.com\/?url=https%3A%2F%2Fpolicies.google.com%2Fprivacy%3Fhl%3Dpl&amp;data=04%7C01%7Cdanuta.misztal%40sec.com.pl%7Ce0c5437e90154041a5e008d95810dd31%7C01313af3132a4bcba750a4389d51d77a%7C0%7C0%7C637637651723709420%7CUnknown%7CTWFpbGZsb3d8eyJWIjoiMC4wLjAwMDAiLCJQIjoiV2luMzIiLCJBTiI6Ik1haWwiLCJXVCI6Mn0%3D%7C1000&amp;sdata=9folIaj%2B3OflZ6579RouqgvE%2BKe6YKbrRviYuiN1PdM%3D&amp;reserved=0\" target=\"_blank\" rel=\"noreferrer noopener\">https:\/\/policies.google.com\/privacy?hl=pl<\/a><\/p>\n\n\n\n<p><strong>Regulamin polityki plik\u00f3w cookies na\u00a0stronie SEC<\/strong><\/p>\n\n\n\n<ol class=\"wp-block-list\">\n<li>W zwi\u0105zku z\u00a0udost\u0119pnianiem zawarto\u015bci serwisu internetowego www.sec.com.pl stosuje\u00a0si\u0119 tzw. cookies, tj. informacje zapisywane przez serwery na\u00a0urz\u0105dzeniu ko\u0144cowym u\u017cytkownika, kt\u00f3re serwery mog\u0105 odczyta\u0107 przy ka\u017cdorazowym po\u0142\u0105czeniu\u00a0si\u0119 z\u00a0tego urz\u0105dzenia ko\u0144cowego, mo\u017ce tak\u017ce u\u017cywa\u0107 innych technologii o\u00a0funkcjach podobnych lub to\u017csamych z\u00a0cookies. W\u00a0niniejszym dokumencie, informacje dotycz\u0105ce cookies maj\u0105 zastosowanie r\u00f3wnie\u017c do\u00a0innych podobnych technologii stosowanych w\u00a0ramach naszych serwis\u00f3w internetowych. Pliki cookies (tzw. \u201cciasteczka\u201d) stanowi\u0105 dane informatyczne, w\u00a0szczeg\u00f3lno\u015bci pliki tekstowe, kt\u00f3re przechowywane s\u0105\u00a0w\u00a0urz\u0105dzeniu ko\u0144cowym u\u017cytkownika serwisu internetowego www.sec.com.pl. Cookies zazwyczaj zawieraj\u0105 nazw\u0119 domeny serwisu internetowego, z\u00a0kt\u00f3rego pochodz\u0105, czas przechowywania ich na\u00a0urz\u0105dzeniu ko\u0144cowym oraz unikalny numer.<\/li>\n\n\n\n<li>Pliki cookies wykorzystywane s\u0105\u00a0w\u00a0celu:<br>dostosowania zawarto\u015bci stron serwisu internetowego do\u00a0preferencji u\u017cytkownika oraz optymalizacji korzystania ze\u00a0stron internetowych; w\u00a0szczeg\u00f3lno\u015bci pliki te pozwalaj\u0105 rozpozna\u0107 urz\u0105dzenie u\u017cytkownika serwisu internetowego i\u00a0odpowiednio wy\u015bwietli\u0107 stron\u0119 internetow\u0105, dostosowan\u0105 do\u00a0jego indywidualnych potrzeb, tworzenia statystyk, kt\u00f3re pomagaj\u0105 zrozumie\u0107, w\u00a0jaki spos\u00f3b u\u017cytkownicy serwisu korzystaj\u0105 ze\u00a0stron internetowych, co umo\u017cliwia ulepszanie ich struktury i\u00a0zawarto\u015bci, utrzymania sesji u\u017cytkownika serwisu internetowego (po zalogowaniu), dzi\u0119ki kt\u00f3rej u\u017cytkownik nie\u00a0musi na\u00a0ka\u017cdej podstronie serwisu ponownie wpisywa\u0107 loginu i\u00a0has\u0142a, dostarczania u\u017cytkownikom tre\u015bci reklamowych bardziej dostosowanych do\u00a0ich zainteresowa\u0144.<\/li>\n\n\n\n<li>W ramach serwisu internetowego www.sec.com.pl mo\u017cemy stosowa\u0107 nast\u0119puj\u0105ce rodzaje plik\u00f3w cookies:<br>\u201cniezb\u0119dne\u201d pliki cookies, umo\u017cliwiaj\u0105ce korzystanie z\u00a0us\u0142ug dost\u0119pnych w\u00a0ramach serwisu internetowego, np. uwierzytelniaj\u0105ce pliki cookies wykorzystywane do\u00a0us\u0142ug wymagaj\u0105cych uwierzytelniania w\u00a0ramach serwisu, pliki cookies s\u0142u\u017c\u0105ce do\u00a0zapewnienia bezpiecze\u0144stwa, np. wykorzystywane do\u00a0wykrywania nadu\u017cy\u0107 w\u00a0zakresie uwierzytelniania w\u00a0ramach serwisu, pliki cookies, umo\u017cliwiaj\u0105ce zbieranie informacji o\u00a0sposobie korzystania ze\u00a0stron internetowych serwisu, \u201cfunkcjonalne\u201d pliki cookies, umo\u017cliwiaj\u0105ce \u201czapami\u0119tanie\u201d wybranych przez u\u017cytkownika ustawie\u0144 i\u00a0personalizacj\u0119 interfejsu u\u017cytkownika, np. w\u00a0zakresie wybranego j\u0119zyka lub regionu, z\u00a0kt\u00f3rego pochodzi u\u017cytkownik, rozmiaru czcionki, wygl\u0105du strony internetowej itp., \u201creklamowe\u201d pliki cookies, umo\u017cliwiaj\u0105ce dostarczanie u\u017cytkownikom tre\u015bci reklamowych bardziej dostosowanych do\u00a0ich zainteresowa\u0144.<\/li>\n\n\n\n<li>W wielu przypadkach oprogramowanie s\u0142u\u017c\u0105ce do\u00a0przegl\u0105dania stron internetowych (przegl\u0105darka internetowa) domy\u015blnie dopuszcza przechowywanie plik\u00f3w cookies w\u00a0urz\u0105dzeniu ko\u0144cowym u\u017cytkownika. U\u017cytkownicy serwisu mog\u0105 dokona\u0107 w\u00a0ka\u017cdym czasie zmiany ustawie\u0144 dotycz\u0105cych plik\u00f3w cookies. Ustawienia te mog\u0105 zosta\u0107 zmienione w\u00a0szczeg\u00f3lno\u015bci w\u00a0taki spos\u00f3b, aby blokowa\u0107 automatyczn\u0105 obs\u0142ug\u0119 plik\u00f3w cookies w\u00a0ustawieniach przegl\u0105darki internetowej b\u0105d\u017a informowa\u0107 o\u00a0ich ka\u017cdorazowym zamieszczeniu w\u00a0urz\u0105dzeniu u\u017cytkownika serwisu internetowego. Szczeg\u00f3\u0142owe informacje o\u00a0mo\u017cliwo\u015bci i\u00a0sposobach obs\u0142ugi plik\u00f3w cookies dost\u0119pne s\u0105\u00a0w\u00a0ustawieniach oprogramowania (przegl\u0105darki internetowej). Niedokonanie zmiany ustawie\u0144 w\u00a0zakresie cookies oznacza, \u017ce\u00a0b\u0119d\u0105 one zamieszczone w\u00a0urz\u0105dzeniu ko\u0144cowym u\u017cytkownika, a\u00a0tym samym b\u0119dziemy przechowywa\u0107 informacje w\u00a0urz\u0105dzeniu ko\u0144cowym u\u017cytkownika i\u00a0uzyskiwa\u0107 dost\u0119p do\u00a0tych informacji.<\/li>\n\n\n\n<li>Wy\u0142\u0105czenie stosowania cookies mo\u017ce spowodowa\u0107 utrudnienia korzystanie z\u00a0niekt\u00f3rych us\u0142ug w\u00a0ramach naszych serwis\u00f3w internetowych, w\u00a0szczeg\u00f3lno\u015bci wymagaj\u0105cych logowania. Wy\u0142\u0105czenie opcji przyjmowania cookies nie\u00a0powoduje natomiast braku mo\u017cliwo\u015bci czytania lub ogl\u0105dania tre\u015bci zamieszczanych w\u00a0serwisie internetowym www.sec.com.pl z\u00a0zastrze\u017ceniem tych, do\u00a0kt\u00f3rych dost\u0119p wymaga logowania.<\/li>\n<\/ol>\n<\/div>\n<\/div>\n\n\n\n<div style=\"height:100px\" aria-hidden=\"true\" class=\"wp-block-spacer is-style-m-spacerfull\"><\/div>\n","protected":false},"excerpt":{"rendered":"<p>Klauzula informacyjna dotycz\u0105ca danych osobowych \u00a7 1. Administrator danych osobowych Administratorem danych osobowych Odbiorc\u00f3w (Kupuj\u0105cych) jest Szczeci\u0144ska Energetyka Cieplna Sp.\u00a0z o.o. (zwana dalej \u201eSEC\u201d), ul.\u00a0Zbo\u017cowa 4, 70-653 Szczecin, KRS 131910, [&hellip;]<\/p>\n","protected":false},"author":1,"featured_media":0,"parent":0,"menu_order":0,"comment_status":"closed","ping_status":"open","template":"","meta":{"_acf_changed":false,"inline_featured_image":false,"footnotes":""},"class_list":["post-3","page","type-page","status-publish","hentry"],"acf":[],"yoast_head":"<!-- This site is optimized with the Yoast SEO plugin v27.4 - https:\/\/yoast.com\/product\/yoast-seo-wordpress\/ -->\n<title>Polityka prywatno\u015bci - UNITED HEAT<\/title>\n<meta name=\"robots\" content=\"index, follow, max-snippet:-1, max-image-preview:large, max-video-preview:-1\" \/>\n<link rel=\"canonical\" href=\"https:\/\/united-heat.com\/pl\/privacy-policy\/\" \/>\n<meta property=\"og:locale\" content=\"pl_PL\" \/>\n<meta property=\"og:type\" content=\"article\" \/>\n<meta property=\"og:title\" content=\"Polityka prywatno\u015bci - UNITED HEAT\" \/>\n<meta property=\"og:description\" content=\"Klauzula informacyjna dotycz\u0105ca danych osobowych \u00a7 1. Administrator danych osobowych Administratorem danych osobowych Odbiorc\u00f3w (Kupuj\u0105cych) jest Szczeci\u0144ska Energetyka Cieplna Sp.\u00a0z o.o. (zwana dalej \u201eSEC\u201d), ul.\u00a0Zbo\u017cowa 4, 70-653 Szczecin, KRS 131910, [&hellip;]\" \/>\n<meta property=\"og:url\" content=\"https:\/\/united-heat.com\/pl\/privacy-policy\/\" \/>\n<meta property=\"og:site_name\" content=\"UNITED HEAT\" \/>\n<meta property=\"article:modified_time\" content=\"2025-09-18T13:05:43+00:00\" \/>\n<meta name=\"twitter:card\" content=\"summary_large_image\" \/>\n<meta name=\"twitter:label1\" content=\"Szacowany czas czytania\" \/>\n\t<meta name=\"twitter:data1\" content=\"7 minut\" \/>\n<script type=\"application\/ld+json\" class=\"yoast-schema-graph\">{\"@context\":\"https:\\\/\\\/schema.org\",\"@graph\":[{\"@type\":\"WebPage\",\"@id\":\"https:\\\/\\\/united-heat.com\\\/pl\\\/privacy-policy\\\/\",\"url\":\"https:\\\/\\\/united-heat.com\\\/pl\\\/privacy-policy\\\/\",\"name\":\"Polityka prywatno\u015bci - UNITED HEAT\",\"isPartOf\":{\"@id\":\"https:\\\/\\\/united-heat.com\\\/pl\\\/#website\"},\"datePublished\":\"2023-08-25T15:37:03+00:00\",\"dateModified\":\"2025-09-18T13:05:43+00:00\",\"breadcrumb\":{\"@id\":\"https:\\\/\\\/united-heat.com\\\/pl\\\/privacy-policy\\\/#breadcrumb\"},\"inLanguage\":\"pl-PL\",\"potentialAction\":[{\"@type\":\"ReadAction\",\"target\":[\"https:\\\/\\\/united-heat.com\\\/pl\\\/privacy-policy\\\/\"]}]},{\"@type\":\"BreadcrumbList\",\"@id\":\"https:\\\/\\\/united-heat.com\\\/pl\\\/privacy-policy\\\/#breadcrumb\",\"itemListElement\":[{\"@type\":\"ListItem\",\"position\":1,\"name\":\"Strona g\u0142\u00f3wna\",\"item\":\"https:\\\/\\\/united-heat.com\\\/pl\\\/\"},{\"@type\":\"ListItem\",\"position\":2,\"name\":\"Polityka prywatno\u015bci\"}]},{\"@type\":\"WebSite\",\"@id\":\"https:\\\/\\\/united-heat.com\\\/pl\\\/#website\",\"url\":\"https:\\\/\\\/united-heat.com\\\/pl\\\/\",\"name\":\"UNITED HEAT\",\"description\":\"heat without borders\",\"potentialAction\":[{\"@type\":\"SearchAction\",\"target\":{\"@type\":\"EntryPoint\",\"urlTemplate\":\"https:\\\/\\\/united-heat.com\\\/pl\\\/?s={search_term_string}\"},\"query-input\":{\"@type\":\"PropertyValueSpecification\",\"valueRequired\":true,\"valueName\":\"search_term_string\"}}],\"inLanguage\":\"pl-PL\"}]}<\/script>\n<!-- \/ Yoast SEO plugin. -->","yoast_head_json":{"title":"Polityka prywatno\u015bci - UNITED HEAT","robots":{"index":"index","follow":"follow","max-snippet":"max-snippet:-1","max-image-preview":"max-image-preview:large","max-video-preview":"max-video-preview:-1"},"canonical":"https:\/\/united-heat.com\/pl\/privacy-policy\/","og_locale":"pl_PL","og_type":"article","og_title":"Polityka prywatno\u015bci - UNITED HEAT","og_description":"Klauzula informacyjna dotycz\u0105ca danych osobowych \u00a7 1. Administrator danych osobowych Administratorem danych osobowych Odbiorc\u00f3w (Kupuj\u0105cych) jest Szczeci\u0144ska Energetyka Cieplna Sp.\u00a0z o.o. (zwana dalej \u201eSEC\u201d), ul.\u00a0Zbo\u017cowa 4, 70-653 Szczecin, KRS 131910, [&hellip;]","og_url":"https:\/\/united-heat.com\/pl\/privacy-policy\/","og_site_name":"UNITED HEAT","article_modified_time":"2025-09-18T13:05:43+00:00","twitter_card":"summary_large_image","twitter_misc":{"Szacowany czas czytania":"7 minut"},"schema":{"@context":"https:\/\/schema.org","@graph":[{"@type":"WebPage","@id":"https:\/\/united-heat.com\/pl\/privacy-policy\/","url":"https:\/\/united-heat.com\/pl\/privacy-policy\/","name":"Polityka prywatno\u015bci - UNITED HEAT","isPartOf":{"@id":"https:\/\/united-heat.com\/pl\/#website"},"datePublished":"2023-08-25T15:37:03+00:00","dateModified":"2025-09-18T13:05:43+00:00","breadcrumb":{"@id":"https:\/\/united-heat.com\/pl\/privacy-policy\/#breadcrumb"},"inLanguage":"pl-PL","potentialAction":[{"@type":"ReadAction","target":["https:\/\/united-heat.com\/pl\/privacy-policy\/"]}]},{"@type":"BreadcrumbList","@id":"https:\/\/united-heat.com\/pl\/privacy-policy\/#breadcrumb","itemListElement":[{"@type":"ListItem","position":1,"name":"Strona g\u0142\u00f3wna","item":"https:\/\/united-heat.com\/pl\/"},{"@type":"ListItem","position":2,"name":"Polityka prywatno\u015bci"}]},{"@type":"WebSite","@id":"https:\/\/united-heat.com\/pl\/#website","url":"https:\/\/united-heat.com\/pl\/","name":"UNITED HEAT","description":"heat without borders","potentialAction":[{"@type":"SearchAction","target":{"@type":"EntryPoint","urlTemplate":"https:\/\/united-heat.com\/pl\/?s={search_term_string}"},"query-input":{"@type":"PropertyValueSpecification","valueRequired":true,"valueName":"search_term_string"}}],"inLanguage":"pl-PL"}]}},"_links":{"self":[{"href":"https:\/\/united-heat.com\/pl\/wp-json\/wp\/v2\/pages\/3","targetHints":{"allow":["GET"]}}],"collection":[{"href":"https:\/\/united-heat.com\/pl\/wp-json\/wp\/v2\/pages"}],"about":[{"href":"https:\/\/united-heat.com\/pl\/wp-json\/wp\/v2\/types\/page"}],"author":[{"embeddable":true,"href":"https:\/\/united-heat.com\/pl\/wp-json\/wp\/v2\/users\/1"}],"replies":[{"embeddable":true,"href":"https:\/\/united-heat.com\/pl\/wp-json\/wp\/v2\/comments?post=3"}],"version-history":[{"count":20,"href":"https:\/\/united-heat.com\/pl\/wp-json\/wp\/v2\/pages\/3\/revisions"}],"predecessor-version":[{"id":2407,"href":"https:\/\/united-heat.com\/pl\/wp-json\/wp\/v2\/pages\/3\/revisions\/2407"}],"wp:attachment":[{"href":"https:\/\/united-heat.com\/pl\/wp-json\/wp\/v2\/media?parent=3"}],"curies":[{"name":"wp","href":"https:\/\/api.w.org\/{rel}","templated":true}]}}